{"id":17,"date":"2018-10-24T13:33:21","date_gmt":"2018-10-24T11:33:21","guid":{"rendered":"https:\/\/ai-aixmarseille.lis-lab.fr\/?page_id=17"},"modified":"2018-10-25T13:50:15","modified_gmt":"2018-10-25T11:50:15","slug":"accueil","status":"publish","type":"page","link":"https:\/\/ai-aixmarseille.lis-lab.fr\/","title":{"rendered":"Accueil"},"content":{"rendered":"<p class=\"paragraphegras\">Dans le domaine de l\u2019intelligence artificielle, la dynamique initi\u00e9e par Aix-Marseille Universit\u00e9 avec ses partenaires prendra la forme en novembre 2018 du \u00ab Mois de l\u2019IA \u00bb, durant lequel se d\u00e9ploieront sur le site plus d\u2019une dizaine d\u2019\u00e9v\u00e9nements de d\u00e9monstration, de d\u00e9bats et de conf\u00e9rences autour de cette th\u00e9matique d\u2019enjeu international.<\/p>\n<p>Pensez \u00e0 vous inscrire !<\/p>\n<p class=\"paragraphegras\"><em>Contexte :\u00a0Aix-Marseille Universit\u00e9, avec ses nombreux partenaires publics et priv\u00e9s, a d\u00e9pos\u00e9 le 28 septembre aupr\u00e8s de l\u2019Agence Nationale de la Recherche (ANR) sa r\u00e9ponse \u00e0 l\u2019appel \u00e0 manifestation d\u2019int\u00e9r\u00eat (AMI) sur les Instituts Interdisciplinaires en Intelligence Artificielle dans le cadre du PIA3 (\u00ab\u00a0 instituts 3IA \u00bb).\u00a0 Le projet, nomm\u00e9 \u00ab 3IA@AM \u00bb, rassemble plus de deux cents enseignants-chercheurs, une vingtaine d\u2019entreprises, des collectivit\u00e9s locales, des partenaires institutionnels et des associations qui s\u2019investiront sur le d\u00e9veloppement de l\u2019intelligence artificielle pour la transformation de deux secteurs strat\u00e9giques du bassin : la sant\u00e9 et les transports.<\/em><\/p>\n<p>[Site agile, en mouvement perp\u00e9tuel.]<\/p>\n","protected":false},"excerpt":{"rendered":"<p>Dans le domaine de l\u2019intelligence artificielle, la dynamique initi\u00e9e par Aix-Marseille Universit\u00e9 avec ses partenaires prendra la forme en novembre 2018 du \u00ab Mois de l\u2019IA \u00bb, durant lequel se &hellip; <a href=\"https:\/\/ai-aixmarseille.lis-lab.fr\/\" class=\"more-link\">Continuer la lecture de <span class=\"screen-reader-text\">Accueil<\/span> <span class=\"meta-nav\">&rarr;<\/span><\/a><\/p>\n","protected":false},"author":2,"featured_media":0,"parent":0,"menu_order":0,"comment_status":"closed","ping_status":"closed","template":"","meta":{"footnotes":""},"class_list":["post-17","page","type-page","status-publish","hentry"],"_links":{"self":[{"href":"https:\/\/ai-aixmarseille.lis-lab.fr\/index.php?rest_route=\/wp\/v2\/pages\/17","targetHints":{"allow":["GET"]}}],"collection":[{"href":"https:\/\/ai-aixmarseille.lis-lab.fr\/index.php?rest_route=\/wp\/v2\/pages"}],"about":[{"href":"https:\/\/ai-aixmarseille.lis-lab.fr\/index.php?rest_route=\/wp\/v2\/types\/page"}],"author":[{"embeddable":true,"href":"https:\/\/ai-aixmarseille.lis-lab.fr\/index.php?rest_route=\/wp\/v2\/users\/2"}],"replies":[{"embeddable":true,"href":"https:\/\/ai-aixmarseille.lis-lab.fr\/index.php?rest_route=%2Fwp%2Fv2%2Fcomments&post=17"}],"version-history":[{"count":6,"href":"https:\/\/ai-aixmarseille.lis-lab.fr\/index.php?rest_route=\/wp\/v2\/pages\/17\/revisions"}],"predecessor-version":[{"id":180,"href":"https:\/\/ai-aixmarseille.lis-lab.fr\/index.php?rest_route=\/wp\/v2\/pages\/17\/revisions\/180"}],"wp:attachment":[{"href":"https:\/\/ai-aixmarseille.lis-lab.fr\/index.php?rest_route=%2Fwp%2Fv2%2Fmedia&parent=17"}],"curies":[{"name":"wp","href":"https:\/\/api.w.org\/{rel}","templated":true}]}}